{"id":3861,"date":"2023-06-28T17:28:40","date_gmt":"2023-06-28T20:28:40","guid":{"rendered":"http:\/\/www.posta.fm\/nossos-podcasts\/"},"modified":"2023-10-04T09:33:39","modified_gmt":"2023-10-04T12:33:39","slug":"nossos-podcasts","status":"publish","type":"page","link":"http:\/\/www.posta.fm\/pt-br\/nossos-podcasts\/","title":{"rendered":"Nossos podcasts"},"content":{"rendered":"\t\t<div data-elementor-type=\"wp-page\" data-elementor-id=\"3861\" class=\"elementor elementor-3861 elementor-3592\">\n\t\t\t\t\t\t<section class=\"elementor-section elementor-top-section elementor-element elementor-element-1d0a9e3 elementor-section-boxed elementor-section-height-default elementor-section-height-default\" data-id=\"1d0a9e3\" data-element_type=\"section\" data-settings=\"{&quot;jet_parallax_layout_list&quot;:[{&quot;jet_parallax_layout_image&quot;:{&quot;url&quot;:&quot;&quot;,&quot;id&quot;:&quot;&quot;,&quot;size&quot;:&quot;&quot;},&quot;_id&quot;:&quot;ddcd464&quot;,&quot;jet_parallax_layout_speed&quot;:{&quot;unit&quot;:&quot;%&quot;,&quot;size&quot;:&quot;50&quot;,&quot;sizes&quot;:[]},&quot;jet_parallax_layout_bg_x&quot;:&quot;50&quot;,&quot;jet_parallax_layout_bg_y&quot;:&quot;50&quot;,&quot;jet_parallax_layout_image_tablet&quot;:{&quot;url&quot;:&quot;&quot;,&quot;id&quot;:&quot;&quot;,&quot;size&quot;:&quot;&quot;},&quot;jet_parallax_layout_image_mobile&quot;:{&quot;url&quot;:&quot;&quot;,&quot;id&quot;:&quot;&quot;,&quot;size&quot;:&quot;&quot;},&quot;jet_parallax_layout_type&quot;:&quot;scroll&quot;,&quot;jet_parallax_layout_direction&quot;:null,&quot;jet_parallax_layout_fx_direction&quot;:null,&quot;jet_parallax_layout_z_index&quot;:&quot;&quot;,&quot;jet_parallax_layout_bg_x_tablet&quot;:&quot;&quot;,&quot;jet_parallax_layout_bg_x_mobile&quot;:&quot;&quot;,&quot;jet_parallax_layout_bg_y_tablet&quot;:&quot;&quot;,&quot;jet_parallax_layout_bg_y_mobile&quot;:&quot;&quot;,&quot;jet_parallax_layout_bg_size&quot;:&quot;auto&quot;,&quot;jet_parallax_layout_bg_size_tablet&quot;:&quot;&quot;,&quot;jet_parallax_layout_bg_size_mobile&quot;:&quot;&quot;,&quot;jet_parallax_layout_animation_prop&quot;:&quot;transform&quot;,&quot;jet_parallax_layout_on&quot;:[&quot;desktop&quot;,&quot;tablet&quot;]}],&quot;background_background&quot;:&quot;classic&quot;,&quot;shape_divider_bottom&quot;:&quot;mountains&quot;}\">\n\t\t\t\t\t<div class=\"elementor-shape elementor-shape-bottom\" aria-hidden=\"true\" data-negative=\"false\">\n\t\t\t<svg xmlns=\"http:\/\/www.w3.org\/2000\/svg\" viewBox=\"0 0 1000 100\" preserveAspectRatio=\"none\">\n\t<path class=\"elementor-shape-fill\" opacity=\"0.33\" d=\"M473,67.3c-203.9,88.3-263.1-34-320.3,0C66,119.1,0,59.7,0,59.7V0h1000v59.7 c0,0-62.1,26.1-94.9,29.3c-32.8,3.3-62.8-12.3-75.8-22.1C806,49.6,745.3,8.7,694.9,4.7S492.4,59,473,67.3z\"\/>\n\t<path class=\"elementor-shape-fill\" opacity=\"0.66\" d=\"M734,67.3c-45.5,0-77.2-23.2-129.1-39.1c-28.6-8.7-150.3-10.1-254,39.1 s-91.7-34.4-149.2,0C115.7,118.3,0,39.8,0,39.8V0h1000v36.5c0,0-28.2-18.5-92.1-18.5C810.2,18.1,775.7,67.3,734,67.3z\"\/>\n\t<path class=\"elementor-shape-fill\" d=\"M766.1,28.9c-200-57.5-266,65.5-395.1,19.5C242,1.8,242,5.4,184.8,20.6C128,35.8,132.3,44.9,89.9,52.5C28.6,63.7,0,0,0,0 h1000c0,0-9.9,40.9-83.6,48.1S829.6,47,766.1,28.9z\"\/>\n<\/svg>\t\t<\/div>\n\t\t\t\t\t<div class=\"elementor-container elementor-column-gap-default\">\n\t\t\t\t\t<div class=\"elementor-column elementor-col-100 elementor-top-column elementor-element elementor-element-2887e32\" data-id=\"2887e32\" data-element_type=\"column\">\n\t\t\t<div class=\"elementor-widget-wrap elementor-element-populated\">\n\t\t\t\t\t\t<div class=\"elementor-element elementor-element-a7d66e3 elementor-align-center elementor-widget elementor-widget-raven-heading\" data-id=\"a7d66e3\" data-element_type=\"widget\" data-widget_type=\"raven-heading.default\">\n\t\t\t\t<div class=\"elementor-widget-container\">\n\t\t\t\t\t\t\t<div class=\"raven-widget-wrapper\"><h1 class=\"raven-heading raven-heading-h1\"><span class=\"raven-heading-title \">Nossos Shows<\/span><\/h1><\/div>\n\t\t\t\t\t\t<\/div>\n\t\t\t\t<\/div>\n\t\t\t\t<div class=\"elementor-element elementor-element-bae5f23 elementor-widget elementor-widget-text-editor\" data-id=\"bae5f23\" data-element_type=\"widget\" data-widget_type=\"text-editor.default\">\n\t\t\t\t<div class=\"elementor-widget-container\">\n\t\t\t\t\t\t\t\t\tOu\u00e7a-os no Spotify, Apple Podcasts, Google Podcasts, Podimo, Deezer e Amazon Music.\n\n\t\t\t\t\t\t\t\t<\/div>\n\t\t\t\t<\/div>\n\t\t\t\t<div class=\"elementor-element elementor-element-f6c5192 elementor-widget elementor-widget-spacer\" data-id=\"f6c5192\" data-element_type=\"widget\" data-widget_type=\"spacer.default\">\n\t\t\t\t<div class=\"elementor-widget-container\">\n\t\t\t\t\t\t\t<div class=\"elementor-spacer\">\n\t\t\t<div class=\"elementor-spacer-inner\"><\/div>\n\t\t<\/div>\n\t\t\t\t\t\t<\/div>\n\t\t\t\t<\/div>\n\t\t\t\t\t<\/div>\n\t\t<\/div>\n\t\t\t\t\t<\/div>\n\t\t<\/section>\n\t\t\t\t<section class=\"elementor-section elementor-top-section elementor-element elementor-element-f736c93 elementor-section-boxed elementor-section-height-default elementor-section-height-default\" data-id=\"f736c93\" data-element_type=\"section\" data-settings=\"{&quot;jet_parallax_layout_list&quot;:[{&quot;jet_parallax_layout_image&quot;:{&quot;url&quot;:&quot;&quot;,&quot;id&quot;:&quot;&quot;,&quot;size&quot;:&quot;&quot;},&quot;_id&quot;:&quot;ddcd464&quot;,&quot;jet_parallax_layout_speed&quot;:{&quot;unit&quot;:&quot;%&quot;,&quot;size&quot;:&quot;50&quot;,&quot;sizes&quot;:[]},&quot;jet_parallax_layout_bg_x&quot;:&quot;50&quot;,&quot;jet_parallax_layout_bg_y&quot;:&quot;50&quot;,&quot;jet_parallax_layout_image_tablet&quot;:{&quot;url&quot;:&quot;&quot;,&quot;id&quot;:&quot;&quot;,&quot;size&quot;:&quot;&quot;},&quot;jet_parallax_layout_image_mobile&quot;:{&quot;url&quot;:&quot;&quot;,&quot;id&quot;:&quot;&quot;,&quot;size&quot;:&quot;&quot;},&quot;jet_parallax_layout_type&quot;:&quot;scroll&quot;,&quot;jet_parallax_layout_direction&quot;:null,&quot;jet_parallax_layout_fx_direction&quot;:null,&quot;jet_parallax_layout_z_index&quot;:&quot;&quot;,&quot;jet_parallax_layout_bg_x_tablet&quot;:&quot;&quot;,&quot;jet_parallax_layout_bg_x_mobile&quot;:&quot;&quot;,&quot;jet_parallax_layout_bg_y_tablet&quot;:&quot;&quot;,&quot;jet_parallax_layout_bg_y_mobile&quot;:&quot;&quot;,&quot;jet_parallax_layout_bg_size&quot;:&quot;auto&quot;,&quot;jet_parallax_layout_bg_size_tablet&quot;:&quot;&quot;,&quot;jet_parallax_layout_bg_size_mobile&quot;:&quot;&quot;,&quot;jet_parallax_layout_animation_prop&quot;:&quot;transform&quot;,&quot;jet_parallax_layout_on&quot;:[&quot;desktop&quot;,&quot;tablet&quot;]}]}\">\n\t\t\t\t\t\t<div class=\"elementor-container elementor-column-gap-default\">\n\t\t\t\t\t<div class=\"elementor-column elementor-col-100 elementor-top-column elementor-element elementor-element-9271e8a\" data-id=\"9271e8a\" data-element_type=\"column\">\n\t\t\t<div class=\"elementor-widget-wrap elementor-element-populated\">\n\t\t\t\t\t\t<div class=\"elementor-element elementor-element-0be65c4 elementor-widget elementor-widget-spacer\" data-id=\"0be65c4\" data-element_type=\"widget\" data-widget_type=\"spacer.default\">\n\t\t\t\t<div class=\"elementor-widget-container\">\n\t\t\t\t\t\t\t<div class=\"elementor-spacer\">\n\t\t\t<div class=\"elementor-spacer-inner\"><\/div>\n\t\t<\/div>\n\t\t\t\t\t\t<\/div>\n\t\t\t\t<\/div>\n\t\t\t\t<section class=\"elementor-section elementor-inner-section elementor-element elementor-element-4d46189 elementor-section-boxed elementor-section-height-default elementor-section-height-default\" data-id=\"4d46189\" data-element_type=\"section\" data-settings=\"{&quot;jet_parallax_layout_list&quot;:[{&quot;jet_parallax_layout_image&quot;:{&quot;url&quot;:&quot;&quot;,&quot;id&quot;:&quot;&quot;,&quot;size&quot;:&quot;&quot;},&quot;_id&quot;:&quot;792dc74&quot;,&quot;jet_parallax_layout_image_tablet&quot;:{&quot;url&quot;:&quot;&quot;,&quot;id&quot;:&quot;&quot;,&quot;size&quot;:&quot;&quot;},&quot;jet_parallax_layout_image_mobile&quot;:{&quot;url&quot;:&quot;&quot;,&quot;id&quot;:&quot;&quot;,&quot;size&quot;:&quot;&quot;},&quot;jet_parallax_layout_speed&quot;:{&quot;unit&quot;:&quot;%&quot;,&quot;size&quot;:50,&quot;sizes&quot;:[]},&quot;jet_parallax_layout_type&quot;:&quot;scroll&quot;,&quot;jet_parallax_layout_direction&quot;:null,&quot;jet_parallax_layout_fx_direction&quot;:null,&quot;jet_parallax_layout_z_index&quot;:&quot;&quot;,&quot;jet_parallax_layout_bg_x&quot;:50,&quot;jet_parallax_layout_bg_x_tablet&quot;:&quot;&quot;,&quot;jet_parallax_layout_bg_x_mobile&quot;:&quot;&quot;,&quot;jet_parallax_layout_bg_y&quot;:50,&quot;jet_parallax_layout_bg_y_tablet&quot;:&quot;&quot;,&quot;jet_parallax_layout_bg_y_mobile&quot;:&quot;&quot;,&quot;jet_parallax_layout_bg_size&quot;:&quot;auto&quot;,&quot;jet_parallax_layout_bg_size_tablet&quot;:&quot;&quot;,&quot;jet_parallax_layout_bg_size_mobile&quot;:&quot;&quot;,&quot;jet_parallax_layout_animation_prop&quot;:&quot;transform&quot;,&quot;jet_parallax_layout_on&quot;:[&quot;desktop&quot;,&quot;tablet&quot;]}]}\">\n\t\t\t\t\t\t<div class=\"elementor-container elementor-column-gap-default\">\n\t\t\t\t\t<div class=\"elementor-column elementor-col-33 elementor-inner-column elementor-element elementor-element-2e5e7c7\" data-id=\"2e5e7c7\" data-element_type=\"column\">\n\t\t\t<div class=\"elementor-widget-wrap\">\n\t\t\t\t\t\t\t<\/div>\n\t\t<\/div>\n\t\t\t\t<div class=\"elementor-column elementor-col-33 elementor-inner-column elementor-element elementor-element-73e3bf7\" data-id=\"73e3bf7\" data-element_type=\"column\" data-settings=\"{&quot;background_background&quot;:&quot;classic&quot;}\">\n\t\t\t<div class=\"elementor-widget-wrap elementor-element-populated\">\n\t\t\t\t\t\t<div class=\"elementor-element elementor-element-032287a elementor-widget elementor-widget-image\" data-id=\"032287a\" data-element_type=\"widget\" data-widget_type=\"image.default\">\n\t\t\t\t<div class=\"elementor-widget-container\">\n\t\t\t\t\t\t\t\t\t\t\t\t\t\t\t\t<a href=\"https:\/\/open.spotify.com\/show\/0WakZ9V6n6yyDhqrjyeXtb\" target=\"_blank\">\n\t\t\t\t\t\t\t<img decoding=\"async\" src=\"https:\/\/www.posta.fm\/wp-content\/uploads\/2023\/04\/Portada-Turismo-Alien-Alta-6000x6000-1-scaled.jpg\" title=\"Portada &#8211; Turismo Alien &#8211; Alta 6000&#215;6000\" alt=\"Portada - Turismo Alien - Alta 6000x6000\" loading=\"lazy\" \/>\t\t\t\t\t\t\t\t<\/a>\n\t\t\t\t\t\t\t\t\t\t\t\t\t\t\t<\/div>\n\t\t\t\t<\/div>\n\t\t\t\t<div class=\"elementor-element elementor-element-d955849 elementor-align-center elementor-widget elementor-widget-raven-heading\" data-id=\"d955849\" data-element_type=\"widget\" data-widget_type=\"raven-heading.default\">\n\t\t\t\t<div class=\"elementor-widget-container\">\n\t\t\t\t\t\t\t<div class=\"raven-widget-wrapper\"><h1 class=\"raven-heading raven-heading-h1\"><a href=\"http:\/\/www.posta.fm\/podcast\/charuto\/\"><span class=\"raven-heading-title \">Novo lan\u00e7amento<br>Turismo Alien\u00edgena<\/span><\/a><\/h1><\/div>\n\t\t\t\t\t\t<\/div>\n\t\t\t\t<\/div>\n\t\t\t\t<div class=\"elementor-element elementor-element-e8bb3d7 elementor-widget elementor-widget-text-editor\" data-id=\"e8bb3d7\" data-element_type=\"widget\" data-widget_type=\"text-editor.default\">\n\t\t\t\t<div class=\"elementor-widget-container\">\n\t\t\t\t\t\t\t\t\t<p>Convidamos voc\u00ea a descobrir os destinos tur\u00edsticos preferidos dos visitantes de outros planetas.<\/p>\n\t\t\t\t\t\t\t\t<\/div>\n\t\t\t\t<\/div>\n\t\t\t\t\t<\/div>\n\t\t<\/div>\n\t\t\t\t<div class=\"elementor-column elementor-col-33 elementor-inner-column elementor-element elementor-element-5673e73\" data-id=\"5673e73\" data-element_type=\"column\">\n\t\t\t<div class=\"elementor-widget-wrap\">\n\t\t\t\t\t\t\t<\/div>\n\t\t<\/div>\n\t\t\t\t\t<\/div>\n\t\t<\/section>\n\t\t\t\t<div class=\"elementor-element elementor-element-28ada3e elementor-widget elementor-widget-spacer\" data-id=\"28ada3e\" data-element_type=\"widget\" data-widget_type=\"spacer.default\">\n\t\t\t\t<div class=\"elementor-widget-container\">\n\t\t\t\t\t\t\t<div class=\"elementor-spacer\">\n\t\t\t<div class=\"elementor-spacer-inner\"><\/div>\n\t\t<\/div>\n\t\t\t\t\t\t<\/div>\n\t\t\t\t<\/div>\n\t\t\t\t\t<\/div>\n\t\t<\/div>\n\t\t\t\t\t<\/div>\n\t\t<\/section>\n\t\t\t\t<\/div>\n\t\t","protected":false},"excerpt":{"rendered":"<p>Nossos Shows Ou\u00e7a-os no Spotify, Apple Podcasts, Google Podcasts, Podimo, Deezer e Amazon Music. Novo lan\u00e7amentoTurismo Alien\u00edgena Convidamos voc\u00ea a descobrir os destinos tur\u00edsticos preferidos dos visitantes de outros planetas. Todos<\/p>\n","protected":false},"author":2,"featured_media":0,"parent":0,"menu_order":0,"comment_status":"closed","ping_status":"closed","template":"elementor_header_footer","meta":{"_acf_changed":false,"footnotes":""},"acf":[],"yoast_head":"<!-- This site is optimized with the Yoast SEO plugin v24.5 - https:\/\/yoast.com\/wordpress\/plugins\/seo\/ -->\n<title>Nossos podcasts - Posta<\/title>\n<meta name=\"robots\" content=\"index, follow, max-snippet:-1, max-image-preview:large, max-video-preview:-1\" \/>\n<link rel=\"canonical\" href=\"http:\/\/www.posta.fm\/pt-br\/nossos-podcasts\/\" \/>\n<meta property=\"og:locale\" content=\"pt_BR\" \/>\n<meta property=\"og:type\" content=\"article\" \/>\n<meta property=\"og:title\" content=\"Nossos podcasts - Posta\" \/>\n<meta property=\"og:description\" content=\"Nossos Shows Ou\u00e7a-os no Spotify, Apple Podcasts, Google Podcasts, Podimo, Deezer e Amazon Music. Novo lan\u00e7amentoTurismo Alien\u00edgena Convidamos voc\u00ea a descobrir os destinos tur\u00edsticos preferidos dos visitantes de outros planetas. Todos\" \/>\n<meta property=\"og:url\" content=\"http:\/\/www.posta.fm\/pt-br\/nossos-podcasts\/\" \/>\n<meta property=\"og:site_name\" content=\"Posta\" \/>\n<meta property=\"article:modified_time\" content=\"2023-10-04T12:33:39+00:00\" \/>\n<meta property=\"og:image\" content=\"http:\/\/www.posta.fm\/wp-content\/uploads\/2023\/04\/Portada-Turismo-Alien-Alta-6000x6000-1-scaled.jpg\" \/>\n<meta name=\"twitter:card\" content=\"summary_large_image\" \/>\n<script type=\"application\/ld+json\" class=\"yoast-schema-graph\">{\"@context\":\"https:\/\/schema.org\",\"@graph\":[{\"@type\":\"WebPage\",\"@id\":\"http:\/\/www.posta.fm\/pt-br\/nossos-podcasts\/\",\"url\":\"http:\/\/www.posta.fm\/pt-br\/nossos-podcasts\/\",\"name\":\"Nossos podcasts - Posta\",\"isPartOf\":{\"@id\":\"https:\/\/www.posta.fm\/pt-br\/#website\"},\"primaryImageOfPage\":{\"@id\":\"http:\/\/www.posta.fm\/pt-br\/nossos-podcasts\/#primaryimage\"},\"image\":{\"@id\":\"http:\/\/www.posta.fm\/pt-br\/nossos-podcasts\/#primaryimage\"},\"thumbnailUrl\":\"http:\/\/www.posta.fm\/wp-content\/uploads\/2023\/04\/Portada-Turismo-Alien-Alta-6000x6000-1-scaled.jpg\",\"datePublished\":\"2023-06-28T20:28:40+00:00\",\"dateModified\":\"2023-10-04T12:33:39+00:00\",\"inLanguage\":\"pt-BR\",\"potentialAction\":[{\"@type\":\"ReadAction\",\"target\":[\"http:\/\/www.posta.fm\/pt-br\/nossos-podcasts\/\"]}]},{\"@type\":\"ImageObject\",\"inLanguage\":\"pt-BR\",\"@id\":\"http:\/\/www.posta.fm\/pt-br\/nossos-podcasts\/#primaryimage\",\"url\":\"http:\/\/www.posta.fm\/wp-content\/uploads\/2023\/04\/Portada-Turismo-Alien-Alta-6000x6000-1-scaled.jpg\",\"contentUrl\":\"http:\/\/www.posta.fm\/wp-content\/uploads\/2023\/04\/Portada-Turismo-Alien-Alta-6000x6000-1-scaled.jpg\"},{\"@type\":\"WebSite\",\"@id\":\"https:\/\/www.posta.fm\/pt-br\/#website\",\"url\":\"https:\/\/www.posta.fm\/pt-br\/\",\"name\":\"Posta\",\"description\":\"As\u00ed se siente escuchar podcasts\",\"potentialAction\":[{\"@type\":\"SearchAction\",\"target\":{\"@type\":\"EntryPoint\",\"urlTemplate\":\"https:\/\/www.posta.fm\/pt-br\/?s={search_term_string}\"},\"query-input\":{\"@type\":\"PropertyValueSpecification\",\"valueRequired\":true,\"valueName\":\"search_term_string\"}}],\"inLanguage\":\"pt-BR\"}]}<\/script>\n<!-- \/ Yoast SEO plugin. -->","yoast_head_json":{"title":"Nossos podcasts - Posta","robots":{"index":"index","follow":"follow","max-snippet":"max-snippet:-1","max-image-preview":"max-image-preview:large","max-video-preview":"max-video-preview:-1"},"canonical":"http:\/\/www.posta.fm\/pt-br\/nossos-podcasts\/","og_locale":"pt_BR","og_type":"article","og_title":"Nossos podcasts - Posta","og_description":"Nossos Shows Ou\u00e7a-os no Spotify, Apple Podcasts, Google Podcasts, Podimo, Deezer e Amazon Music. Novo lan\u00e7amentoTurismo Alien\u00edgena Convidamos voc\u00ea a descobrir os destinos tur\u00edsticos preferidos dos visitantes de outros planetas. Todos","og_url":"http:\/\/www.posta.fm\/pt-br\/nossos-podcasts\/","og_site_name":"Posta","article_modified_time":"2023-10-04T12:33:39+00:00","og_image":[{"url":"http:\/\/www.posta.fm\/wp-content\/uploads\/2023\/04\/Portada-Turismo-Alien-Alta-6000x6000-1-scaled.jpg","type":"","width":"","height":""}],"twitter_card":"summary_large_image","schema":{"@context":"https:\/\/schema.org","@graph":[{"@type":"WebPage","@id":"http:\/\/www.posta.fm\/pt-br\/nossos-podcasts\/","url":"http:\/\/www.posta.fm\/pt-br\/nossos-podcasts\/","name":"Nossos podcasts - Posta","isPartOf":{"@id":"https:\/\/www.posta.fm\/pt-br\/#website"},"primaryImageOfPage":{"@id":"http:\/\/www.posta.fm\/pt-br\/nossos-podcasts\/#primaryimage"},"image":{"@id":"http:\/\/www.posta.fm\/pt-br\/nossos-podcasts\/#primaryimage"},"thumbnailUrl":"http:\/\/www.posta.fm\/wp-content\/uploads\/2023\/04\/Portada-Turismo-Alien-Alta-6000x6000-1-scaled.jpg","datePublished":"2023-06-28T20:28:40+00:00","dateModified":"2023-10-04T12:33:39+00:00","inLanguage":"pt-BR","potentialAction":[{"@type":"ReadAction","target":["http:\/\/www.posta.fm\/pt-br\/nossos-podcasts\/"]}]},{"@type":"ImageObject","inLanguage":"pt-BR","@id":"http:\/\/www.posta.fm\/pt-br\/nossos-podcasts\/#primaryimage","url":"http:\/\/www.posta.fm\/wp-content\/uploads\/2023\/04\/Portada-Turismo-Alien-Alta-6000x6000-1-scaled.jpg","contentUrl":"http:\/\/www.posta.fm\/wp-content\/uploads\/2023\/04\/Portada-Turismo-Alien-Alta-6000x6000-1-scaled.jpg"},{"@type":"WebSite","@id":"https:\/\/www.posta.fm\/pt-br\/#website","url":"https:\/\/www.posta.fm\/pt-br\/","name":"Posta","description":"As\u00ed se siente escuchar podcasts","potentialAction":[{"@type":"SearchAction","target":{"@type":"EntryPoint","urlTemplate":"https:\/\/www.posta.fm\/pt-br\/?s={search_term_string}"},"query-input":{"@type":"PropertyValueSpecification","valueRequired":true,"valueName":"search_term_string"}}],"inLanguage":"pt-BR"}]}},"_links":{"self":[{"href":"http:\/\/www.posta.fm\/pt-br\/wp-json\/wp\/v2\/pages\/3861"}],"collection":[{"href":"http:\/\/www.posta.fm\/pt-br\/wp-json\/wp\/v2\/pages"}],"about":[{"href":"http:\/\/www.posta.fm\/pt-br\/wp-json\/wp\/v2\/types\/page"}],"author":[{"embeddable":true,"href":"http:\/\/www.posta.fm\/pt-br\/wp-json\/wp\/v2\/users\/2"}],"replies":[{"embeddable":true,"href":"http:\/\/www.posta.fm\/pt-br\/wp-json\/wp\/v2\/comments?post=3861"}],"version-history":[{"count":3,"href":"http:\/\/www.posta.fm\/pt-br\/wp-json\/wp\/v2\/pages\/3861\/revisions"}],"predecessor-version":[{"id":3864,"href":"http:\/\/www.posta.fm\/pt-br\/wp-json\/wp\/v2\/pages\/3861\/revisions\/3864"}],"wp:attachment":[{"href":"http:\/\/www.posta.fm\/pt-br\/wp-json\/wp\/v2\/media?parent=3861"}],"curies":[{"name":"wp","href":"https:\/\/api.w.org\/{rel}","templated":true}]}}