{"id":3849,"date":"2020-10-12T15:53:04","date_gmt":"2020-10-12T18:53:04","guid":{"rendered":"http:\/\/www.posta.fm\/contato\/"},"modified":"2023-10-04T09:32:29","modified_gmt":"2023-10-04T12:32:29","slug":"contato","status":"publish","type":"page","link":"http:\/\/www.posta.fm\/pt-br\/contato\/","title":{"rendered":"Contato"},"content":{"rendered":"\t\t<div data-elementor-type=\"wp-page\" data-elementor-id=\"3849\" class=\"elementor elementor-3849 elementor-379\">\n\t\t\t\t\t\t<section class=\"elementor-section elementor-top-section elementor-element elementor-element-409f9be elementor-section-boxed elementor-section-height-default elementor-section-height-default\" data-id=\"409f9be\" data-element_type=\"section\" data-settings=\"{&quot;jet_parallax_layout_list&quot;:[{&quot;jet_parallax_layout_image&quot;:{&quot;url&quot;:&quot;&quot;,&quot;id&quot;:&quot;&quot;,&quot;size&quot;:&quot;&quot;},&quot;_id&quot;:&quot;d0f7087&quot;,&quot;jet_parallax_layout_image_tablet&quot;:{&quot;url&quot;:&quot;&quot;,&quot;id&quot;:&quot;&quot;,&quot;size&quot;:&quot;&quot;},&quot;jet_parallax_layout_image_mobile&quot;:{&quot;url&quot;:&quot;&quot;,&quot;id&quot;:&quot;&quot;,&quot;size&quot;:&quot;&quot;},&quot;jet_parallax_layout_speed&quot;:{&quot;unit&quot;:&quot;%&quot;,&quot;size&quot;:50,&quot;sizes&quot;:[]},&quot;jet_parallax_layout_type&quot;:&quot;scroll&quot;,&quot;jet_parallax_layout_direction&quot;:null,&quot;jet_parallax_layout_fx_direction&quot;:null,&quot;jet_parallax_layout_z_index&quot;:&quot;&quot;,&quot;jet_parallax_layout_bg_x&quot;:50,&quot;jet_parallax_layout_bg_x_tablet&quot;:&quot;&quot;,&quot;jet_parallax_layout_bg_x_mobile&quot;:&quot;&quot;,&quot;jet_parallax_layout_bg_y&quot;:50,&quot;jet_parallax_layout_bg_y_tablet&quot;:&quot;&quot;,&quot;jet_parallax_layout_bg_y_mobile&quot;:&quot;&quot;,&quot;jet_parallax_layout_bg_size&quot;:&quot;auto&quot;,&quot;jet_parallax_layout_bg_size_tablet&quot;:&quot;&quot;,&quot;jet_parallax_layout_bg_size_mobile&quot;:&quot;&quot;,&quot;jet_parallax_layout_animation_prop&quot;:&quot;transform&quot;,&quot;jet_parallax_layout_on&quot;:[&quot;desktop&quot;,&quot;tablet&quot;]}]}\">\n\t\t\t\t\t\t<div class=\"elementor-container elementor-column-gap-default\">\n\t\t\t\t\t<div class=\"elementor-column elementor-col-100 elementor-top-column elementor-element elementor-element-1e2fcdb\" data-id=\"1e2fcdb\" data-element_type=\"column\">\n\t\t\t<div class=\"elementor-widget-wrap elementor-element-populated\">\n\t\t\t\t\t\t<div class=\"elementor-element elementor-element-caf6027 elementor-widget elementor-widget-heading\" data-id=\"caf6027\" data-element_type=\"widget\" data-widget_type=\"heading.default\">\n\t\t\t\t<div class=\"elementor-widget-container\">\n\t\t\t\t\t<h2 class=\"elementor-heading-title elementor-size-default\">Entendemos que cada marca tem sua voz, sua hist\u00f3ria e seu p\u00fablico.<\/h2>\t\t\t\t<\/div>\n\t\t\t\t<\/div>\n\t\t\t\t<div class=\"elementor-element elementor-element-3a0e775 elementor-widget elementor-widget-spacer\" data-id=\"3a0e775\" data-element_type=\"widget\" data-widget_type=\"spacer.default\">\n\t\t\t\t<div class=\"elementor-widget-container\">\n\t\t\t\t\t\t\t<div class=\"elementor-spacer\">\n\t\t\t<div class=\"elementor-spacer-inner\"><\/div>\n\t\t<\/div>\n\t\t\t\t\t\t<\/div>\n\t\t\t\t<\/div>\n\t\t\t\t<div class=\"elementor-element elementor-element-7e893d7 elementor-widget elementor-widget-text-editor\" data-id=\"7e893d7\" data-element_type=\"widget\" data-widget_type=\"text-editor.default\">\n\t\t\t\t<div class=\"elementor-widget-container\">\n\t\t\t\t\t\t\t\t\t<p><span style=\"background-color: transparent; color: #000000; font-family: Arial; font-size: 11pt; white-space-collapse: preserve; font-weight: var( --e-global-typography-text-font-weight );\">Entendemos que cada marca tem sua voz, sua hist\u00f3ria e seu p\u00fablico. \u00c9 por isso que n\u00e3o adotamos uma abordagem \u00fanica para a produ\u00e7\u00e3o de podcast. <\/span><\/p>\n<p><span style=\"background-color: transparent; color: #000000; font-family: Arial; font-size: 11pt; white-space-collapse: preserve; font-weight: var( --e-global-typography-text-font-weight );\">Esse entendimento nos permite criar conte\u00fado de marca que ressoe autenticamente com seu p\u00fablico e reforce a identidade de sua marca.<\/span><\/p>\n<p><span style=\"background-color: transparent; color: #000000; font-family: Arial; font-size: 11pt; white-space-collapse: preserve;\">Entre em contato conosco para conversar mais sobre as oportunidades para sua marca e seu p\u00fablico. <\/span><\/p>\t\t\t\t\t\t\t\t<\/div>\n\t\t\t\t<\/div>\n\t\t\t\t\t<\/div>\n\t\t<\/div>\n\t\t\t\t\t<\/div>\n\t\t<\/section>\n\t\t\t\t<section class=\"elementor-section elementor-top-section elementor-element elementor-element-cf3367d elementor-section-boxed elementor-section-height-default elementor-section-height-default\" data-id=\"cf3367d\" data-element_type=\"section\" data-settings=\"{&quot;jet_parallax_layout_list&quot;:[]}\">\n\t\t\t\t\t\t<div class=\"elementor-container elementor-column-gap-default\">\n\t\t\t\t\t<div class=\"elementor-column elementor-col-33 elementor-top-column elementor-element elementor-element-3ab0f06\" data-id=\"3ab0f06\" data-element_type=\"column\">\n\t\t\t<div class=\"elementor-widget-wrap elementor-element-populated\">\n\t\t\t\t\t\t<div class=\"elementor-element elementor-element-89b8de3 elementor-view-default elementor-widget elementor-widget-icon\" data-id=\"89b8de3\" data-element_type=\"widget\" data-widget_type=\"icon.default\">\n\t\t\t\t<div class=\"elementor-widget-container\">\n\t\t\t\t\t\t\t<div class=\"elementor-icon-wrapper\">\n\t\t\t<div class=\"elementor-icon\">\n\t\t\t<i aria-hidden=\"true\" class=\"fas fa-project-diagram\"><\/i>\t\t\t<\/div>\n\t\t<\/div>\n\t\t\t\t\t\t<\/div>\n\t\t\t\t<\/div>\n\t\t\t\t<div class=\"elementor-element elementor-element-9a1cc24 elementor-widget elementor-widget-text-editor\" data-id=\"9a1cc24\" data-element_type=\"widget\" data-widget_type=\"text-editor.default\">\n\t\t\t\t<div class=\"elementor-widget-container\">\n\t\t\t\t\t\t\t\t\t<p style=\"text-align: center;\">Produ\u00e7\u00e3o geral <\/p>\n<p dir=\"ltr\" style=\"line-height: 1.38; margin-top: 0pt; margin-bottom: 0pt;\"><span style=\"font-size: 11pt; font-family: Arial; color: #000000; background-color: transparent; font-weight: 400; font-style: normal; font-variant: normal; text-decoration: none; vertical-align: baseline; white-space: pre-wrap;\"> Dedicamo-nos \u00e0 cria\u00e7\u00e3o integral de branded content em formato podcast. Da conceitua\u00e7\u00e3o \u00e0 produ\u00e7\u00e3o, distribui\u00e7\u00e3o e promo\u00e7\u00e3o, oferecemos consultoria abrangente para garantir que o conte\u00fado da sua marca seja apresentado de forma inovadora e de alta qualidade.<\/span><\/p>\n\t\t\t\t\t\t\t\t<\/div>\n\t\t\t\t<\/div>\n\t\t\t\t\t<\/div>\n\t\t<\/div>\n\t\t\t\t<div class=\"elementor-column elementor-col-33 elementor-top-column elementor-element elementor-element-28c1dc6\" data-id=\"28c1dc6\" data-element_type=\"column\">\n\t\t\t<div class=\"elementor-widget-wrap elementor-element-populated\">\n\t\t\t\t\t\t<div class=\"elementor-element elementor-element-509a89a elementor-view-default elementor-widget elementor-widget-icon\" data-id=\"509a89a\" data-element_type=\"widget\" data-widget_type=\"icon.default\">\n\t\t\t\t<div class=\"elementor-widget-container\">\n\t\t\t\t\t\t\t<div class=\"elementor-icon-wrapper\">\n\t\t\t<div class=\"elementor-icon\">\n\t\t\t<i aria-hidden=\"true\" class=\"fab fa-megaport\"><\/i>\t\t\t<\/div>\n\t\t<\/div>\n\t\t\t\t\t\t<\/div>\n\t\t\t\t<\/div>\n\t\t\t\t<div class=\"elementor-element elementor-element-5608587 elementor-widget elementor-widget-text-editor\" data-id=\"5608587\" data-element_type=\"widget\" data-widget_type=\"text-editor.default\">\n\t\t\t\t<div class=\"elementor-widget-container\">\n\t\t\t\t\t\t\t\t\t<p style=\"text-align: center;\">Amplifica\u00e7\u00e3o<\/p>\n<p dir=\"ltr\" style=\"line-height: 1.38; margin-top: 0pt; margin-bottom: 0pt;\"><span style=\"font-size: 11pt; font-family: Arial; color: #000000; background-color: transparent; font-weight: 400; font-style: normal; font-variant: normal; text-decoration: none; vertical-align: baseline; white-space: pre-wrap;\">Reconhecemos a import\u00e2ncia de atingir o p\u00fablico certo. \u00c9 por isso que n\u00e3o nos concentramos apenas na produ\u00e7\u00e3o do seu branded content, mas tamb\u00e9m na sua amplifica\u00e7\u00e3o. Implementamos estrat\u00e9gias de marketing digital e promo\u00e7\u00e3o para garantir que seu conte\u00fado chegue aos segmentos de p\u00fablico mais relevantes.<\/span><\/p>\n\t\t\t\t\t\t\t\t<\/div>\n\t\t\t\t<\/div>\n\t\t\t\t\t<\/div>\n\t\t<\/div>\n\t\t\t\t<div class=\"elementor-column elementor-col-33 elementor-top-column elementor-element elementor-element-ded5f7d\" data-id=\"ded5f7d\" data-element_type=\"column\">\n\t\t\t<div class=\"elementor-widget-wrap elementor-element-populated\">\n\t\t\t\t\t\t<div class=\"elementor-element elementor-element-904034a elementor-view-default elementor-widget elementor-widget-icon\" data-id=\"904034a\" data-element_type=\"widget\" data-widget_type=\"icon.default\">\n\t\t\t\t<div class=\"elementor-widget-container\">\n\t\t\t\t\t\t\t<div class=\"elementor-icon-wrapper\">\n\t\t\t<div class=\"elementor-icon\">\n\t\t\t<i aria-hidden=\"true\" class=\"fas fa-dollar-sign\"><\/i>\t\t\t<\/div>\n\t\t<\/div>\n\t\t\t\t\t\t<\/div>\n\t\t\t\t<\/div>\n\t\t\t\t<div class=\"elementor-element elementor-element-018f0fc elementor-widget elementor-widget-text-editor\" data-id=\"018f0fc\" data-element_type=\"widget\" data-widget_type=\"text-editor.default\">\n\t\t\t\t<div class=\"elementor-widget-container\">\n\t\t\t\t\t\t\t\t\t<p style=\"text-align: center;\">Monetiza\u00e7\u00e3o<\/p>\n<p><span style=\"background-color: transparent; color: #000000; font-family: Arial; font-size: 11pt; white-space-collapse: preserve; font-weight: var( --e-global-typography-text-font-weight );\">Conhecemos as diversas estrat\u00e9gias de rentabiliza\u00e7\u00e3o de conte\u00fados e aconselhamo-lo na escolha da mais adequada \u00e0s suas necessidades e objetivos. Seja por meio de publicidade, patroc\u00ednios, assinaturas premium ou doa\u00e7\u00f5es, estamos aqui para ajud\u00e1-lo a gerar retorno do investimento com seu conte\u00fado de marca.<\/span><\/p>\n\t\t\t\t\t\t\t\t<\/div>\n\t\t\t\t<\/div>\n\t\t\t\t\t<\/div>\n\t\t<\/div>\n\t\t\t\t\t<\/div>\n\t\t<\/section>\n\t\t\t\t<section class=\"elementor-section elementor-top-section elementor-element elementor-element-8358d88 elementor-section-boxed elementor-section-height-default elementor-section-height-default\" data-id=\"8358d88\" data-element_type=\"section\" data-settings=\"{&quot;jet_parallax_layout_list&quot;:[]}\">\n\t\t\t\t\t\t<div class=\"elementor-container elementor-column-gap-default\">\n\t\t\t\t\t<div class=\"elementor-column elementor-col-100 elementor-top-column elementor-element elementor-element-d6ec1ac\" data-id=\"d6ec1ac\" data-element_type=\"column\">\n\t\t\t<div class=\"elementor-widget-wrap elementor-element-populated\">\n\t\t\t\t\t\t<div class=\"elementor-element elementor-element-3b734ce elementor-widget elementor-widget-wpforms\" data-id=\"3b734ce\" data-element_type=\"widget\" data-widget_type=\"wpforms.default\">\n\t\t\t\t<div class=\"elementor-widget-container\">\n\t\t\t\t\t<div class=\"wpforms-container wpforms-container-full\" id=\"wpforms-3514\"><form id=\"wpforms-form-3514\" class=\"wpforms-validate wpforms-form wpforms-ajax-form\" data-formid=\"3514\" method=\"post\" enctype=\"multipart\/form-data\" action=\"\/pt-br\/wp-json\/wp\/v2\/pages\/3849\" data-token=\"591d94bfcd8b45c8a3fb5693fbf42bce\" data-token-time=\"1777467116\"><noscript class=\"wpforms-error-noscript\">Ative o JavaScript no seu navegador para preencher este formul\u00e1rio.<\/noscript><div class=\"wpforms-field-container\"><div id=\"wpforms-3514-field_0-container\" class=\"wpforms-field wpforms-field-name\" data-field-id=\"0\"><label class=\"wpforms-field-label\">Nombre <span class=\"wpforms-required-label\">*<\/span><\/label><div class=\"wpforms-field-row wpforms-field-medium\"><div class=\"wpforms-field-row-block wpforms-first wpforms-one-half\"><input type=\"text\" id=\"wpforms-3514-field_0\" class=\"wpforms-field-name-first wpforms-field-required\" name=\"wpforms[fields][0][first]\" required><label for=\"wpforms-3514-field_0\" class=\"wpforms-field-sublabel after\">Nome<\/label><\/div><div class=\"wpforms-field-row-block wpforms-one-half\"><input type=\"text\" id=\"wpforms-3514-field_0-last\" class=\"wpforms-field-name-last wpforms-field-required\" name=\"wpforms[fields][0][last]\" required><label for=\"wpforms-3514-field_0-last\" class=\"wpforms-field-sublabel after\">Sobrenome<\/label><\/div><\/div><\/div><div id=\"wpforms-3514-field_1-container\" class=\"wpforms-field wpforms-field-email\" data-field-id=\"1\"><label class=\"wpforms-field-label\" for=\"wpforms-3514-field_1\">Correo electr\u00f3nico <span class=\"wpforms-required-label\">*<\/span><\/label><input type=\"email\" id=\"wpforms-3514-field_1\" class=\"wpforms-field-medium wpforms-field-required\" name=\"wpforms[fields][1]\" spellcheck=\"false\" required><\/div><div id=\"wpforms-3514-field_2-container\" class=\"wpforms-field wpforms-field-textarea\" data-field-id=\"2\"><label class=\"wpforms-field-label\" for=\"wpforms-3514-field_2\">Comentario o mensaje<\/label><textarea id=\"wpforms-3514-field_2\" class=\"wpforms-field-medium\" name=\"wpforms[fields][2]\" ><\/textarea><\/div><\/div><!-- .wpforms-field-container --><div class=\"wpforms-recaptcha-container wpforms-is-recaptcha wpforms-is-recaptcha-type-v3\" ><input type=\"hidden\" name=\"wpforms[recaptcha]\" value=\"\"><\/div><div class=\"wpforms-submit-container\" ><input type=\"hidden\" name=\"wpforms[id]\" value=\"3514\"><input type=\"hidden\" name=\"page_title\" value=\"\"><input type=\"hidden\" name=\"page_url\" value=\"http:\/\/www.posta.fm\/pt-br\/wp-json\/wp\/v2\/pages\/3849\"><input type=\"hidden\" name=\"url_referer\" value=\"\"><button type=\"submit\" name=\"wpforms[submit]\" id=\"wpforms-submit-3514\" class=\"wpforms-submit\" data-alt-text=\"Enviando...\" data-submit-text=\"Enviar\" aria-live=\"assertive\" value=\"wpforms-submit\">Enviar<\/button><img decoding=\"async\" src=\"http:\/\/www.posta.fm\/wp-content\/plugins\/wpforms-lite\/assets\/images\/submit-spin.svg\" class=\"wpforms-submit-spinner\" style=\"display: none;\" width=\"26\" height=\"26\" alt=\"Carregando\"><\/div><\/form><\/div>  <!-- .wpforms-container -->\t\t\t\t<\/div>\n\t\t\t\t<\/div>\n\t\t\t\t\t<\/div>\n\t\t<\/div>\n\t\t\t\t\t<\/div>\n\t\t<\/section>\n\t\t\t\t<\/div>\n\t\t","protected":false},"excerpt":{"rendered":"<p>Entendemos que cada marca tem sua voz, sua hist\u00f3ria e seu p\u00fablico. Entendemos que cada marca tem sua voz, sua hist\u00f3ria e seu p\u00fablico. \u00c9 por isso que n\u00e3o adotamos uma abordagem \u00fanica para a produ\u00e7\u00e3o de podcast. Esse entendimento nos permite criar conte\u00fado de marca que ressoe autenticamente com seu p\u00fablico e reforce a [&hellip;]<\/p>\n","protected":false},"author":1,"featured_media":0,"parent":0,"menu_order":0,"comment_status":"closed","ping_status":"closed","template":"elementor_header_footer","meta":{"_acf_changed":false,"footnotes":""},"acf":[],"yoast_head":"<!-- This site is optimized with the Yoast SEO plugin v24.5 - https:\/\/yoast.com\/wordpress\/plugins\/seo\/ -->\n<title>Contato - Posta<\/title>\n<meta name=\"robots\" content=\"index, follow, max-snippet:-1, max-image-preview:large, max-video-preview:-1\" \/>\n<link rel=\"canonical\" href=\"http:\/\/www.posta.fm\/pt-br\/contato\/\" \/>\n<meta property=\"og:locale\" content=\"pt_BR\" \/>\n<meta property=\"og:type\" content=\"article\" \/>\n<meta property=\"og:title\" content=\"Contato - Posta\" \/>\n<meta property=\"og:description\" content=\"Entendemos que cada marca tem sua voz, sua hist\u00f3ria e seu p\u00fablico. Entendemos que cada marca tem sua voz, sua hist\u00f3ria e seu p\u00fablico. \u00c9 por isso que n\u00e3o adotamos uma abordagem \u00fanica para a produ\u00e7\u00e3o de podcast. Esse entendimento nos permite criar conte\u00fado de marca que ressoe autenticamente com seu p\u00fablico e reforce a [&hellip;]\" \/>\n<meta property=\"og:url\" content=\"http:\/\/www.posta.fm\/pt-br\/contato\/\" \/>\n<meta property=\"og:site_name\" content=\"Posta\" \/>\n<meta property=\"article:modified_time\" content=\"2023-10-04T12:32:29+00:00\" \/>\n<meta name=\"twitter:card\" content=\"summary_large_image\" \/>\n<meta name=\"twitter:label1\" content=\"Est. tempo de leitura\" \/>\n\t<meta name=\"twitter:data1\" content=\"1 minuto\" \/>\n<script type=\"application\/ld+json\" class=\"yoast-schema-graph\">{\"@context\":\"https:\/\/schema.org\",\"@graph\":[{\"@type\":\"WebPage\",\"@id\":\"http:\/\/www.posta.fm\/pt-br\/contato\/\",\"url\":\"http:\/\/www.posta.fm\/pt-br\/contato\/\",\"name\":\"Contato - Posta\",\"isPartOf\":{\"@id\":\"https:\/\/www.posta.fm\/pt-br\/#website\"},\"datePublished\":\"2020-10-12T18:53:04+00:00\",\"dateModified\":\"2023-10-04T12:32:29+00:00\",\"inLanguage\":\"pt-BR\",\"potentialAction\":[{\"@type\":\"ReadAction\",\"target\":[\"http:\/\/www.posta.fm\/pt-br\/contato\/\"]}]},{\"@type\":\"WebSite\",\"@id\":\"https:\/\/www.posta.fm\/pt-br\/#website\",\"url\":\"https:\/\/www.posta.fm\/pt-br\/\",\"name\":\"Posta\",\"description\":\"As\u00ed se siente escuchar podcasts\",\"potentialAction\":[{\"@type\":\"SearchAction\",\"target\":{\"@type\":\"EntryPoint\",\"urlTemplate\":\"https:\/\/www.posta.fm\/pt-br\/?s={search_term_string}\"},\"query-input\":{\"@type\":\"PropertyValueSpecification\",\"valueRequired\":true,\"valueName\":\"search_term_string\"}}],\"inLanguage\":\"pt-BR\"}]}<\/script>\n<!-- \/ Yoast SEO plugin. -->","yoast_head_json":{"title":"Contato - Posta","robots":{"index":"index","follow":"follow","max-snippet":"max-snippet:-1","max-image-preview":"max-image-preview:large","max-video-preview":"max-video-preview:-1"},"canonical":"http:\/\/www.posta.fm\/pt-br\/contato\/","og_locale":"pt_BR","og_type":"article","og_title":"Contato - Posta","og_description":"Entendemos que cada marca tem sua voz, sua hist\u00f3ria e seu p\u00fablico. Entendemos que cada marca tem sua voz, sua hist\u00f3ria e seu p\u00fablico. \u00c9 por isso que n\u00e3o adotamos uma abordagem \u00fanica para a produ\u00e7\u00e3o de podcast. Esse entendimento nos permite criar conte\u00fado de marca que ressoe autenticamente com seu p\u00fablico e reforce a [&hellip;]","og_url":"http:\/\/www.posta.fm\/pt-br\/contato\/","og_site_name":"Posta","article_modified_time":"2023-10-04T12:32:29+00:00","twitter_card":"summary_large_image","twitter_misc":{"Est. tempo de leitura":"1 minuto"},"schema":{"@context":"https:\/\/schema.org","@graph":[{"@type":"WebPage","@id":"http:\/\/www.posta.fm\/pt-br\/contato\/","url":"http:\/\/www.posta.fm\/pt-br\/contato\/","name":"Contato - Posta","isPartOf":{"@id":"https:\/\/www.posta.fm\/pt-br\/#website"},"datePublished":"2020-10-12T18:53:04+00:00","dateModified":"2023-10-04T12:32:29+00:00","inLanguage":"pt-BR","potentialAction":[{"@type":"ReadAction","target":["http:\/\/www.posta.fm\/pt-br\/contato\/"]}]},{"@type":"WebSite","@id":"https:\/\/www.posta.fm\/pt-br\/#website","url":"https:\/\/www.posta.fm\/pt-br\/","name":"Posta","description":"As\u00ed se siente escuchar podcasts","potentialAction":[{"@type":"SearchAction","target":{"@type":"EntryPoint","urlTemplate":"https:\/\/www.posta.fm\/pt-br\/?s={search_term_string}"},"query-input":{"@type":"PropertyValueSpecification","valueRequired":true,"valueName":"search_term_string"}}],"inLanguage":"pt-BR"}]}},"_links":{"self":[{"href":"http:\/\/www.posta.fm\/pt-br\/wp-json\/wp\/v2\/pages\/3849"}],"collection":[{"href":"http:\/\/www.posta.fm\/pt-br\/wp-json\/wp\/v2\/pages"}],"about":[{"href":"http:\/\/www.posta.fm\/pt-br\/wp-json\/wp\/v2\/types\/page"}],"author":[{"embeddable":true,"href":"http:\/\/www.posta.fm\/pt-br\/wp-json\/wp\/v2\/users\/1"}],"replies":[{"embeddable":true,"href":"http:\/\/www.posta.fm\/pt-br\/wp-json\/wp\/v2\/comments?post=3849"}],"version-history":[{"count":3,"href":"http:\/\/www.posta.fm\/pt-br\/wp-json\/wp\/v2\/pages\/3849\/revisions"}],"predecessor-version":[{"id":3852,"href":"http:\/\/www.posta.fm\/pt-br\/wp-json\/wp\/v2\/pages\/3849\/revisions\/3852"}],"wp:attachment":[{"href":"http:\/\/www.posta.fm\/pt-br\/wp-json\/wp\/v2\/media?parent=3849"}],"curies":[{"name":"wp","href":"https:\/\/api.w.org\/{rel}","templated":true}]}}